{"id":2,"date":"2022-01-14T11:08:46","date_gmt":"2022-01-14T11:08:46","guid":{"rendered":"https:\/\/markkuleino.info\/?page_id=2"},"modified":"2022-05-20T12:11:52","modified_gmt":"2022-05-20T12:11:52","slug":"homepage","status":"publish","type":"page","link":"https:\/\/markkuleino.info\/","title":{"rendered":"Kotisivu"},"content":{"rendered":"<p><div class=\"fusion-fullwidth fullwidth-box fusion-builder-row-1 fusion-flex-container nonhundred-percent-fullwidth non-hundred-percent-height-scrolling\" style=\"--awb-border-radius-top-left:0px;--awb-border-radius-top-right:0px;--awb-border-radius-bottom-right:0px;--awb-border-radius-bottom-left:0px;--awb-padding-bottom:0px;--awb-margin-bottom:0px;--awb-flex-wrap:wrap;\" ><div class=\"fusion-builder-row fusion-row fusion-flex-align-items-flex-start fusion-flex-content-wrap\" style=\"max-width:1040px;margin-left: calc(-4% \/ 2 );margin-right: calc(-4% \/ 2 );\"><div class=\"fusion-layout-column fusion_builder_column fusion-builder-column-0 fusion_builder_column_1_1 1_1 fusion-flex-column\" style=\"--awb-bg-size:cover;--awb-width-large:100%;--awb-margin-top-large:0px;--awb-spacing-right-large:1.92%;--awb-margin-bottom-large:0px;--awb-spacing-left-large:1.92%;--awb-width-medium:100%;--awb-order-medium:0;--awb-spacing-right-medium:1.92%;--awb-spacing-left-medium:1.92%;--awb-width-small:100%;--awb-order-small:0;--awb-spacing-right-small:1.92%;--awb-spacing-left-small:1.92%;\"><div class=\"fusion-column-wrapper fusion-column-has-shadow fusion-flex-justify-content-flex-start fusion-content-layout-column\"><div class=\"fusion-image-element \" style=\"--awb-max-width:600px;--awb-caption-title-font-family:var(--h2_typography-font-family);--awb-caption-title-font-weight:var(--h2_typography-font-weight);--awb-caption-title-font-style:var(--h2_typography-font-style);--awb-caption-title-size:var(--h2_typography-font-size);--awb-caption-title-transform:var(--h2_typography-text-transform);--awb-caption-title-line-height:var(--h2_typography-line-height);--awb-caption-title-letter-spacing:var(--h2_typography-letter-spacing);\"><span class=\" fusion-imageframe imageframe-none imageframe-1 hover-type-none\"><img decoding=\"async\" width=\"1920\" height=\"556\" title=\"cropped-KUVA-sivustologo2020-e1642159818367-1.png\" src=\"https:\/\/markkuleino.info\/wp-content\/uploads\/2022\/01\/cropped-KUVA-sivustologo2020-e1642159818367-1.png\" alt class=\"img-responsive wp-image-22\" srcset=\"https:\/\/markkuleino.info\/wp-content\/uploads\/2022\/01\/cropped-KUVA-sivustologo2020-e1642159818367-1-300x87.png 300w, https:\/\/markkuleino.info\/wp-content\/uploads\/2022\/01\/cropped-KUVA-sivustologo2020-e1642159818367-1-768x222.png 768w, https:\/\/markkuleino.info\/wp-content\/uploads\/2022\/01\/cropped-KUVA-sivustologo2020-e1642159818367-1-1024x297.png 1024w, https:\/\/markkuleino.info\/wp-content\/uploads\/2022\/01\/cropped-KUVA-sivustologo2020-e1642159818367-1-1536x445.png 1536w, https:\/\/markkuleino.info\/wp-content\/uploads\/2022\/01\/cropped-KUVA-sivustologo2020-e1642159818367-1-1568x454.png 1568w, https:\/\/markkuleino.info\/wp-content\/uploads\/2022\/01\/cropped-KUVA-sivustologo2020-e1642159818367-1.png 1920w\" sizes=\"(max-width: 1920px) 100vw, 1920px\" \/><\/span><\/div><\/div><\/div><\/div><\/div><div class=\"fusion-fullwidth fullwidth-box fusion-builder-row-2 fusion-flex-container nonhundred-percent-fullwidth non-hundred-percent-height-scrolling\" style=\"--awb-border-radius-top-left:0px;--awb-border-radius-top-right:0px;--awb-border-radius-bottom-right:0px;--awb-border-radius-bottom-left:0px;--awb-flex-wrap:wrap;\" ><div class=\"fusion-builder-row fusion-row fusion-flex-align-items-flex-start fusion-flex-content-wrap\" style=\"max-width:1040px;margin-left: calc(-4% \/ 2 );margin-right: calc(-4% \/ 2 );\"><div class=\"fusion-layout-column fusion_builder_column fusion-builder-column-1 fusion_builder_column_1_1 1_1 fusion-flex-column\" style=\"--awb-bg-size:cover;--awb-width-large:100%;--awb-margin-top-large:0px;--awb-spacing-right-large:0%;--awb-margin-bottom-large:24px;--awb-spacing-left-large:0%;--awb-width-medium:100%;--awb-order-medium:0;--awb-spacing-right-medium:0%;--awb-spacing-left-medium:0%;--awb-width-small:100%;--awb-order-small:0;--awb-spacing-right-small:1.92%;--awb-spacing-left-small:1.92%;\"><div class=\"fusion-column-wrapper fusion-column-has-shadow fusion-flex-justify-content-flex-start fusion-content-layout-column\"><div ><a class=\"fusion-button button-flat fusion-button-default-size button-custom fusion-button-default button-1 fusion-button-span-yes \" style=\"--button_accent_color:var(--awb-color1);--button_accent_hover_color:var(--awb-color1);--button_border_hover_color:var(--awb-color1);--button_gradient_top_color:#79b3e5;--button_gradient_bottom_color:#79b3e5;--button_gradient_top_color_hover:#79b3e5;--button_gradient_bottom_color_hover:#79b3e5;\" target=\"_self\"><span class=\"fusion-button-text awb-button__text awb-button__text--default\">Kotisivu<\/span><\/a><\/div><\/div><\/div><\/div><\/div><div class=\"fusion-fullwidth fullwidth-box fusion-builder-row-3 fusion-flex-container nonhundred-percent-fullwidth non-hundred-percent-height-scrolling\" style=\"--awb-border-radius-top-left:0px;--awb-border-radius-top-right:0px;--awb-border-radius-bottom-right:0px;--awb-border-radius-bottom-left:0px;--awb-flex-wrap:wrap;\" ><div class=\"fusion-builder-row fusion-row fusion-flex-align-items-flex-start fusion-flex-content-wrap\" style=\"max-width:1040px;margin-left: calc(-4% \/ 2 );margin-right: calc(-4% \/ 2 );\"><div class=\"fusion-layout-column fusion_builder_column fusion-builder-column-2 fusion_builder_column_1_1 1_1 fusion-flex-column\" style=\"--awb-bg-size:cover;--awb-width-large:100%;--awb-margin-top-large:0px;--awb-spacing-right-large:1.92%;--awb-margin-bottom-large:0px;--awb-spacing-left-large:1.92%;--awb-width-medium:100%;--awb-spacing-right-medium:1.92%;--awb-spacing-left-medium:1.92%;--awb-width-small:100%;--awb-spacing-right-small:1.92%;--awb-spacing-left-small:1.92%;\"><div class=\"fusion-column-wrapper fusion-flex-justify-content-flex-start fusion-content-layout-column\"><div class=\"fusion-text fusion-text-1\"><\/p>\n<p><span style=\"font-size: 17px;\" data-fusion-font=\"true\">Varatuomari Markku Leino on toiminut asianajajana ja luvan saaneena oikeudenk\u00e4yntiavustajana yli 40 vuotta.<\/p>\n<p><\/span><span style=\"color: var(--body_typography-color); font-family: var(--body_typography-font-family); font-size: var(--body_typography-font-size); font-style: var(--body_typography-font-style,normal); font-weight: var(--body_typography-font-weight); letter-spacing: var(--body_typography-letter-spacing); background-color: rgba(255, 255, 255, 0);\"><span style=\"font-size: 18px;\" data-fusion-font=\"true\">Markku Leino kuuluu Lions Club Lemp\u00e4\u00e4l\u00e4n Rauhalliset ryhm\u00e4\u00e4n<\/span><span style=\"color: #000000; font-size: 18px;\" data-fusion-font=\"true\">: <\/span><\/span><span style=\"color: #3366ff;\"><a style=\"font-family: var(--body_typography-font-family); font-style: var(--body_typography-font-style,normal); font-weight: var(--body_typography-font-weight); font-size: 18px; letter-spacing: var(--body_typography-letter-spacing); background-color: rgba(255, 255, 255, 0); color: #3366ff;\" href=\"https:\/\/ryhmarauhallisetblogi.blogspot.com\/\" data-fusion-font=\"true\">https:\/\/ryhmarauhallisetblogi.blogspot.com\/<\/a><\/span><\/p>\n<p><span style=\"background-color: rgba(255, 255, 255, 0); color: var(--body_typography-color); font-family: var(--body_typography-font-family); font-size: 18px; font-style: var(--body_typography-font-style,normal); font-weight: var(--body_typography-font-weight); letter-spacing: var(--body_typography-letter-spacing);\" data-fusion-font=\"true\">Osoite: Orvokkitie 1, <\/span><span style=\"color: var(--body_typography-color); font-family: var(--body_typography-font-family); font-size: var(--body_typography-font-size); font-style: var(--body_typography-font-style,normal); font-weight: var(--body_typography-font-weight); letter-spacing: var(--body_typography-letter-spacing); background-color: rgba(255, 255, 255, 0);\"><span style=\"font-size: 18px;\" data-fusion-font=\"true\">37550 Lemp\u00e4\u00e4l\u00e4<br \/><\/span><\/span><span style=\"background-color: rgba(255, 255, 255, 0); color: var(--body_typography-color); font-family: var(--body_typography-font-family); font-size: var(--body_typography-font-size); font-style: var(--body_typography-font-style,normal); font-weight: var(--body_typography-font-weight); letter-spacing: var(--body_typography-letter-spacing);\"><span style=\"font-size: 18px;\" data-fusion-font=\"true\">Puhelin: 040 829 3845<br \/><\/span><\/span><span style=\"background-color: rgba(255, 255, 255, 0); color: var(--body_typography-color); font-family: var(--body_typography-font-family); font-size: 18px; font-style: var(--body_typography-font-style,normal); font-weight: var(--body_typography-font-weight); letter-spacing: var(--body_typography-letter-spacing);\" data-fusion-font=\"true\">S\u00e4hk\u00f6posti:<span style=\"color: #3366ff;\"> <a style=\"color: #3366ff;\" href=\"mailto:markku.leino@markkuleino.info\">markku.leino@markkuleino.info<\/a><\/span><\/span><\/p>\n<p>&nbsp;<\/p>\n<p>&nbsp;<\/p>\n<p>&nbsp;<\/p>\n<p>&nbsp;<\/p>\n<p>&nbsp;<\/p>\n<p>&nbsp;<\/p>\n<p>&nbsp;<\/p><\/p>\n<\/div><\/div><\/div><\/div><\/div><\/p>","protected":false},"excerpt":{"rendered":"","protected":false},"author":1,"featured_media":0,"parent":0,"menu_order":0,"comment_status":"closed","ping_status":"closed","template":"100-width.php","meta":{"footnotes":""},"class_list":["post-2","page","type-page","status-publish","hentry"],"_links":{"self":[{"href":"https:\/\/markkuleino.info\/index.php?rest_route=\/wp\/v2\/pages\/2","targetHints":{"allow":["GET"]}}],"collection":[{"href":"https:\/\/markkuleino.info\/index.php?rest_route=\/wp\/v2\/pages"}],"about":[{"href":"https:\/\/markkuleino.info\/index.php?rest_route=\/wp\/v2\/types\/page"}],"author":[{"embeddable":true,"href":"https:\/\/markkuleino.info\/index.php?rest_route=\/wp\/v2\/users\/1"}],"replies":[{"embeddable":true,"href":"https:\/\/markkuleino.info\/index.php?rest_route=%2Fwp%2Fv2%2Fcomments&post=2"}],"version-history":[{"count":21,"href":"https:\/\/markkuleino.info\/index.php?rest_route=\/wp\/v2\/pages\/2\/revisions"}],"predecessor-version":[{"id":46,"href":"https:\/\/markkuleino.info\/index.php?rest_route=\/wp\/v2\/pages\/2\/revisions\/46"}],"wp:attachment":[{"href":"https:\/\/markkuleino.info\/index.php?rest_route=%2Fwp%2Fv2%2Fmedia&parent=2"}],"curies":[{"name":"wp","href":"https:\/\/api.w.org\/{rel}","templated":true}]}}